{"id":381,"date":"2019-10-07T07:58:34","date_gmt":"2019-10-07T05:58:34","guid":{"rendered":"https:\/\/kspsecurite.fr\/?page_id=381"},"modified":"2026-03-23T14:52:18","modified_gmt":"2026-03-23T13:52:18","slug":"confidentialite","status":"publish","type":"page","link":"https:\/\/kspsecurite.fr\/index.php\/confidentialite\/","title":{"rendered":"Confidentialit\u00e9"},"content":{"rendered":"<p>[et_pb_section fb_built=\u00a0\u00bb1&Prime; _builder_version=\u00a0\u00bb4.16&Prime; background_image=\u00a0\u00bbhttps:\/\/kspsecurite.fr\/wp-content\/uploads\/2020\/01\/KSP-BG-up-3-scaled.jpg\u00a0\u00bb global_colors_info=\u00a0\u00bb{}\u00a0\u00bb][et_pb_row _builder_version=\u00a0\u00bb4.16&Prime; global_colors_info=\u00a0\u00bb{}\u00a0\u00bb][et_pb_column type=\u00a0\u00bb4_4&Prime; _builder_version=\u00a0\u00bb4.16&Prime; global_colors_info=\u00a0\u00bb{}\u00a0\u00bb][et_pb_text _builder_version=\u00a0\u00bb4.16&Prime; global_colors_info=\u00a0\u00bb{}\u00a0\u00bb]<\/p>\n<p style=\"text-align: center;\"><img data-recalc-dims=\"1\" loading=\"lazy\" decoding=\"async\" src=\"https:\/\/i0.wp.com\/kspsecurite.fr\/wp-content\/uploads\/2020\/01\/Logo-KSP-securite-bigweb-300x112-1.png?resize=300%2C112&#038;ssl=1\" width=\"300\" height=\"112\" alt=\"\" class=\"wp-image-773 aligncenter size-full\" \/>.<\/p>\n<p>[\/et_pb_text][et_pb_text _builder_version=\u00a0\u00bb4.16&Prime; text_font=\u00a0\u00bbMitr|900||||on|||\u00a0\u00bb text_text_color=\u00a0\u00bb#ffffff\u00a0\u00bb text_font_size=\u00a0\u00bb24px\u00a0\u00bb text_line_height=\u00a0\u00bb1.4em\u00a0\u00bb text_text_shadow_style=\u00a0\u00bbpreset1&Prime; global_colors_info=\u00a0\u00bb{}\u00a0\u00bb]<\/p>\n<p style=\"text-align: center;\">POLITIQUE DE PROTECTION DES DONN\u00c9ES A CARACT\u00c8RE PERSONNEL<\/p>\n<p>[\/et_pb_text][\/et_pb_column][\/et_pb_row][\/et_pb_section][et_pb_section fb_built=\u00a0\u00bb1&Prime; admin_label=\u00a0\u00bbservices\u00a0\u00bb _builder_version=\u00a0\u00bb4.16&Prime; background_image=\u00a0\u00bbhttps:\/\/kspsecurite.fr\/wp-content\/uploads\/2020\/01\/BG-KSP-securite-2.jpg\u00a0\u00bb custom_margin=\u00a0\u00bb0px||||false|false\u00a0\u00bb custom_padding=\u00a0\u00bb15px||||false|false\u00a0\u00bb collapsed=\u00a0\u00bbon\u00a0\u00bb global_colors_info=\u00a0\u00bb{}\u00a0\u00bb][et_pb_row use_custom_gutter=\u00a0\u00bbon\u00a0\u00bb make_equal=\u00a0\u00bbon\u00a0\u00bb _builder_version=\u00a0\u00bb4.16&Prime; width=\u00a0\u00bb100%\u00a0\u00bb max_width=\u00a0\u00bb1763px\u00a0\u00bb global_colors_info=\u00a0\u00bb{}\u00a0\u00bb][et_pb_column type=\u00a0\u00bb4_4&Prime; _builder_version=\u00a0\u00bb4.16&Prime; global_colors_info=\u00a0\u00bb{}\u00a0\u00bb][et_pb_text _builder_version=\u00a0\u00bb4.16&Prime; text_font=\u00a0\u00bbPT Sans Narrow||||||||\u00a0\u00bb text_font_size=\u00a0\u00bb18px\u00a0\u00bb text_orientation=\u00a0\u00bbcenter\u00a0\u00bb custom_margin=\u00a0\u00bb0px||||false|false\u00a0\u00bb custom_padding=\u00a0\u00bb0px|20px||20px|false|false\u00a0\u00bb global_colors_info=\u00a0\u00bb{}\u00a0\u00bb]<\/p>\n<p>KSP <a href=\"https:\/\/kspsecurite.fr\/index.php\/nos-services\/\" title=\"agents de s\u00e9curit\u00e9 lyon\">S\u00e9curit\u00e9<\/a> s\u2019engage au respect de la vie priv\u00e9e et \u00e0 traiter l\u2019ensemble des donn\u00e9es transmises ou collect\u00e9es conform\u00e9ment aux textes applicables \u00e0 la protection des donn\u00e9es (Loi n\u00b078-17 du 6 janvier 1978 modifi\u00e9e, au R\u00e8glement Europ\u00e9en G\u00e9n\u00e9ral 2016\/679 du 27 avril 2016 sur la protection des donn\u00e9es) et aux r\u00e9f\u00e9rentiels d\u00e9finis par la CNIL.Ces engagements sont d\u00e9clin\u00e9s dans la politique g\u00e9n\u00e9rale de protection des donn\u00e9es destin\u00e9e aux salari\u00e9s, aux partenaires (clients, fournisseurs, prospects\u2026) de l\u2019entreprise et aux candidats souhaitant rejoindre ETS.<\/p>\n<p>Les informations recueillies sur ce formulaire sont enregistr\u00e9es dans un fichier informatis\u00e9 par\u00a0 KEITA ALKALY, 23 rue Crepet, 69007 Lyon. Tel 0612113425] pour Embauche ou Devis.<\/p>\n<p>Les donn\u00e9es collect\u00e9es seront communiqu\u00e9es aux seuls destinataires suivants : Nos Services administratifs.<\/p>\n<p>Les donn\u00e9es sont conserv\u00e9es pendant pour une dur\u00e9e ind\u00e9termin\u00e9e pour des raisons de contr\u00f4le des autorit\u00e9s .<\/p>\n<p>Vous pouvez acc\u00e9der aux donn\u00e9es vous concernant, les rectifier, demander leur effacement ou exercer votre droit \u00e0 la limitation du traitement de vos donn\u00e9es. (en fonction de la base l\u00e9gale du traitement, mentionner \u00e9galement : Vous pouvez retirer \u00e0 tout moment votre consentement au traitement de vos donn\u00e9es ; Vous pouvez \u00e9galement vous opposer au traitement de vos donn\u00e9es ; Vous pouvez \u00e9galement exercer votre droit \u00e0 la portabilit\u00e9 de vos donn\u00e9es)<\/p>\n<p>Consultez le site cnil.fr pour plus d\u2019informations sur vos droits.<\/p>\n<p>Pour exercer ces droits ou pour toute question sur le traitement de vos donn\u00e9es dans ce dispositif, vous pouvez contacter (le cas \u00e9ch\u00e9ant, notre d\u00e9l\u00e9gu\u00e9 \u00e0 la protection des donn\u00e9es ou le service charg\u00e9 de l\u2019exercice de ces droits) : adresse \u00e9lectronique, postale, coordonn\u00e9es t\u00e9l\u00e9phoniques, etc.<\/p>\n<p>Si vous estimez, apr\u00e8s nous avoir contact\u00e9s, que vos droits \u00ab Informatique et Libert\u00e9s \u00bb ne sont pas respect\u00e9s, vous pouvez adresser une r\u00e9clamation \u00e0 la CNIL.<\/p>\n<p>N.B : distinguer dans le formulaire de collecte, par exemple via des ast\u00e9risques, les donn\u00e9es dont la fourniture est obligatoire de celles dont la fourniture est facultative et pr\u00e9cisez les cons\u00e9quences \u00e9ventuelles en cas de non-fourniture des donn\u00e9es.<\/p>\n<p>[\/et_pb_text][\/et_pb_column][\/et_pb_row][et_pb_row _builder_version=\u00a0\u00bb4.16&Prime; global_colors_info=\u00a0\u00bb{}\u00a0\u00bb][et_pb_column type=\u00a0\u00bb4_4&Prime; _builder_version=\u00a0\u00bb4.16&Prime; global_colors_info=\u00a0\u00bb{}\u00a0\u00bb][et_pb_text _builder_version=\u00a0\u00bb4.16&Prime; text_font=\u00a0\u00bbPT Sans Narrow||||||||\u00a0\u00bb text_font_size=\u00a0\u00bb23px\u00a0\u00bb text_orientation=\u00a0\u00bbcenter\u00a0\u00bb custom_margin=\u00a0\u00bb20px||||false|false\u00a0\u00bb custom_padding=\u00a0\u00bb20px|1px||10px|false|false\u00a0\u00bb global_colors_info=\u00a0\u00bb{}\u00a0\u00bb]<\/p>\n<p style=\"text-align: center;\"><strong>KSP <a href=\"https:\/\/kspsecurite.fr\/index.php\/nos-services\/\" title=\"agents de s\u00e9curit\u00e9 lyon\">S\u00c9CURIT\u00c9<\/a><\/strong><br \/> <strong> 23 Rue Crepet 69007 LYON<\/strong><\/p>\n<p style=\"text-align: center;\"><a href=\"mailto:info@kspsecurite.fr\"><strong>info@kspsecurite.fr<\/strong><\/a><\/p>\n<p style=\"text-align: center;\">T\u00e9l. : <a href=\"tel:0472713877\"><strong>04 72 71 38 77<\/strong><\/a><br \/> Port. : <a href=\"tel:0612113425\"><strong>06 12 11 34 25<\/strong><\/a><\/p>\n<p>[\/et_pb_text][\/et_pb_column][\/et_pb_row][\/et_pb_section]<\/p>\n","protected":false},"excerpt":{"rendered":"<p>.POLITIQUE DE PROTECTION DES DONN\u00c9ES A CARACT\u00c8RE PERSONNELKSP S\u00e9curit\u00e9 s\u2019engage au respect de la vie priv\u00e9e et \u00e0 traiter l\u2019ensemble des donn\u00e9es transmises ou collect\u00e9es conform\u00e9ment aux textes applicables \u00e0 la protection des donn\u00e9es (Loi n\u00b078-17 du 6 janvier 1978 modifi\u00e9e, au R\u00e8glement Europ\u00e9en G\u00e9n\u00e9ral 2016\/679 du 27 avril 2016 sur la protection des donn\u00e9es) [&hellip;]<\/p>\n","protected":false},"author":1,"featured_media":0,"parent":0,"menu_order":0,"comment_status":"closed","ping_status":"closed","template":"","meta":{"_et_pb_use_builder":"on","_et_pb_old_content":"","_et_gb_content_width":"","footnotes":""},"class_list":["post-381","page","type-page","status-publish","hentry"],"yoast_head":"<!-- This site is optimized with the Yoast SEO plugin v27.4 - https:\/\/yoast.com\/product\/yoast-seo-wordpress\/ -->\n<title>KSP S\u00e9curit\u00e9 Lyon - Surveillance, gardiennage, pr\u00e9vention, \u00e9venementiel - Confidentialit\u00e9<\/title>\n<meta name=\"description\" content=\"KSP, SERVICES DE S\u00c9CURIT\u00c9 POUR UN MONDE COMPLEXE - Votre partenaire sur Lyon et sa r\u00e9gion : Agents de pr\u00e9vention, SSIAP, Ma\u00eetres chiens, Rondiers de surveillance, gardiennage ou \u00c9v\u00e9nementiel... Notre expertise et nos conseils pour tous vos besoins et demandes de prestations sur simple devis gratuit.\" \/>\n<meta name=\"robots\" content=\"index, follow, max-snippet:-1, max-image-preview:large, max-video-preview:-1\" \/>\n<link rel=\"canonical\" href=\"https:\/\/kspsecurite.fr\/index.php\/confidentialite\/\" \/>\n<meta property=\"og:locale\" content=\"fr_FR\" \/>\n<meta property=\"og:type\" content=\"article\" \/>\n<meta property=\"og:title\" content=\"KSP S\u00e9curit\u00e9 Lyon - Surveillance, gardiennage, pr\u00e9vention, \u00e9venementiel - Confidentialit\u00e9\" \/>\n<meta property=\"og:description\" content=\"KSP, SERVICES DE S\u00c9CURIT\u00c9 POUR UN MONDE COMPLEXE - Votre partenaire sur Lyon et sa r\u00e9gion : Agents de pr\u00e9vention, SSIAP, Ma\u00eetres chiens, Rondiers de surveillance, gardiennage ou \u00c9v\u00e9nementiel... Notre expertise et nos conseils pour tous vos besoins et demandes de prestations sur simple devis gratuit.\" \/>\n<meta property=\"og:url\" content=\"https:\/\/kspsecurite.fr\/index.php\/confidentialite\/\" \/>\n<meta property=\"og:site_name\" content=\"KSP S\u00e9curit\u00e9 Lyon - Surveillance, gardiennage, pr\u00e9vention, \u00e9venementiel\" \/>\n<meta property=\"article:modified_time\" content=\"2026-03-23T13:52:18+00:00\" \/>\n<meta property=\"og:image\" content=\"https:\/\/kspsecurite.fr\/wp-content\/uploads\/2020\/01\/Logo-KSP-securite-bigweb-300x112-1.png\" \/>\n<meta name=\"twitter:card\" content=\"summary_large_image\" \/>\n<meta name=\"twitter:label1\" content=\"Dur\u00e9e de lecture estim\u00e9e\" \/>\n\t<meta name=\"twitter:data1\" content=\"2 minutes\" \/>\n<script type=\"application\/ld+json\" class=\"yoast-schema-graph\">{\"@context\":\"https:\\\/\\\/schema.org\",\"@graph\":[{\"@type\":\"WebPage\",\"@id\":\"https:\\\/\\\/kspsecurite.fr\\\/index.php\\\/confidentialite\\\/\",\"url\":\"https:\\\/\\\/kspsecurite.fr\\\/index.php\\\/confidentialite\\\/\",\"name\":\"KSP S\u00e9curit\u00e9 Lyon - Surveillance, gardiennage, pr\u00e9vention, \u00e9venementiel - Confidentialit\u00e9\",\"isPartOf\":{\"@id\":\"https:\\\/\\\/kspsecurite.fr\\\/#website\"},\"primaryImageOfPage\":{\"@id\":\"https:\\\/\\\/kspsecurite.fr\\\/index.php\\\/confidentialite\\\/#primaryimage\"},\"image\":{\"@id\":\"https:\\\/\\\/kspsecurite.fr\\\/index.php\\\/confidentialite\\\/#primaryimage\"},\"thumbnailUrl\":\"https:\\\/\\\/kspsecurite.fr\\\/wp-content\\\/uploads\\\/2020\\\/01\\\/Logo-KSP-securite-bigweb-300x112-1.png\",\"datePublished\":\"2019-10-07T05:58:34+00:00\",\"dateModified\":\"2026-03-23T13:52:18+00:00\",\"description\":\"KSP, SERVICES DE S\u00c9CURIT\u00c9 POUR UN MONDE COMPLEXE - Votre partenaire sur Lyon et sa r\u00e9gion : Agents de pr\u00e9vention, SSIAP, Ma\u00eetres chiens, Rondiers de surveillance, gardiennage ou \u00c9v\u00e9nementiel... Notre expertise et nos conseils pour tous vos besoins et demandes de prestations sur simple devis gratuit.\",\"breadcrumb\":{\"@id\":\"https:\\\/\\\/kspsecurite.fr\\\/index.php\\\/confidentialite\\\/#breadcrumb\"},\"inLanguage\":\"fr-FR\",\"potentialAction\":[{\"@type\":\"ReadAction\",\"target\":[\"https:\\\/\\\/kspsecurite.fr\\\/index.php\\\/confidentialite\\\/\"]}]},{\"@type\":\"ImageObject\",\"inLanguage\":\"fr-FR\",\"@id\":\"https:\\\/\\\/kspsecurite.fr\\\/index.php\\\/confidentialite\\\/#primaryimage\",\"url\":\"https:\\\/\\\/i0.wp.com\\\/kspsecurite.fr\\\/wp-content\\\/uploads\\\/2020\\\/01\\\/Logo-KSP-securite-bigweb-300x112-1.png?fit=300%2C112&ssl=1\",\"contentUrl\":\"https:\\\/\\\/i0.wp.com\\\/kspsecurite.fr\\\/wp-content\\\/uploads\\\/2020\\\/01\\\/Logo-KSP-securite-bigweb-300x112-1.png?fit=300%2C112&ssl=1\",\"width\":300,\"height\":112,\"caption\":\"KSP, SERVICES DE S\u00c9CURIT\u00c9 POUR UN MONDE COMPLEXE Votre partenaire s\u00e9curit\u00e9 sur Lyon et sa r\u00e9gion : Agents de pr\u00e9vention, SSIAP, Ma\u00eetres chiens, Rondiers de surveillance ou \u00c9v\u00e9nementiel\u2026 Notre expertise et nos conseils pour tous vos besoins et demandes de prestations sur simple devis gratuit.\"},{\"@type\":\"BreadcrumbList\",\"@id\":\"https:\\\/\\\/kspsecurite.fr\\\/index.php\\\/confidentialite\\\/#breadcrumb\",\"itemListElement\":[{\"@type\":\"ListItem\",\"position\":1,\"name\":\"Accueil\",\"item\":\"https:\\\/\\\/kspsecurite.fr\\\/\"},{\"@type\":\"ListItem\",\"position\":2,\"name\":\"Confidentialit\u00e9\"}]},{\"@type\":\"WebSite\",\"@id\":\"https:\\\/\\\/kspsecurite.fr\\\/#website\",\"url\":\"https:\\\/\\\/kspsecurite.fr\\\/\",\"name\":\"KSP S\u00e9curit\u00e9 Lyon - Surveillance, gardiennage, pr\u00e9vention, \u00e9venementiel\",\"description\":\"Votre partenaire s\u00e9curit\u00e9 sur Lyon et sa r\u00e9gion : Agents de pr\u00e9vention, SSIAP, Ma\u00eetres chiens, Rondiers de surveillance ou \u00c9v\u00e9nementiel\u2026 Notre expertise et nos conseils pour tous vos besoins et demandes de prestations sur simple devis gratuit.\",\"publisher\":{\"@id\":\"https:\\\/\\\/kspsecurite.fr\\\/#organization\"},\"potentialAction\":[{\"@type\":\"SearchAction\",\"target\":{\"@type\":\"EntryPoint\",\"urlTemplate\":\"https:\\\/\\\/kspsecurite.fr\\\/?s={search_term_string}\"},\"query-input\":{\"@type\":\"PropertyValueSpecification\",\"valueRequired\":true,\"valueName\":\"search_term_string\"}}],\"inLanguage\":\"fr-FR\"},{\"@type\":\"Organization\",\"@id\":\"https:\\\/\\\/kspsecurite.fr\\\/#organization\",\"name\":\"KSP S\u00e9curit\u00e9 Lyon - Surveillance, gardiennage, pr\u00e9vention, \u00e9venementiel\",\"url\":\"https:\\\/\\\/kspsecurite.fr\\\/\",\"logo\":{\"@type\":\"ImageObject\",\"inLanguage\":\"fr-FR\",\"@id\":\"https:\\\/\\\/kspsecurite.fr\\\/#\\\/schema\\\/logo\\\/image\\\/\",\"url\":\"https:\\\/\\\/i0.wp.com\\\/kspsecurite.fr\\\/wp-content\\\/uploads\\\/2020\\\/01\\\/OGimageKSP-ok-1024x512-1.png?fit=1024%2C512&ssl=1\",\"contentUrl\":\"https:\\\/\\\/i0.wp.com\\\/kspsecurite.fr\\\/wp-content\\\/uploads\\\/2020\\\/01\\\/OGimageKSP-ok-1024x512-1.png?fit=1024%2C512&ssl=1\",\"width\":1024,\"height\":512,\"caption\":\"KSP S\u00e9curit\u00e9 Lyon - Surveillance, gardiennage, pr\u00e9vention, \u00e9venementiel\"},\"image\":{\"@id\":\"https:\\\/\\\/kspsecurite.fr\\\/#\\\/schema\\\/logo\\\/image\\\/\"}}]}<\/script>\n<!-- \/ Yoast SEO plugin. -->","yoast_head_json":{"title":"KSP S\u00e9curit\u00e9 Lyon - Surveillance, gardiennage, pr\u00e9vention, \u00e9venementiel - Confidentialit\u00e9","description":"KSP, SERVICES DE S\u00c9CURIT\u00c9 POUR UN MONDE COMPLEXE - Votre partenaire sur Lyon et sa r\u00e9gion : Agents de pr\u00e9vention, SSIAP, Ma\u00eetres chiens, Rondiers de surveillance, gardiennage ou \u00c9v\u00e9nementiel... Notre expertise et nos conseils pour tous vos besoins et demandes de prestations sur simple devis gratuit.","robots":{"index":"index","follow":"follow","max-snippet":"max-snippet:-1","max-image-preview":"max-image-preview:large","max-video-preview":"max-video-preview:-1"},"canonical":"https:\/\/kspsecurite.fr\/index.php\/confidentialite\/","og_locale":"fr_FR","og_type":"article","og_title":"KSP S\u00e9curit\u00e9 Lyon - Surveillance, gardiennage, pr\u00e9vention, \u00e9venementiel - Confidentialit\u00e9","og_description":"KSP, SERVICES DE S\u00c9CURIT\u00c9 POUR UN MONDE COMPLEXE - Votre partenaire sur Lyon et sa r\u00e9gion : Agents de pr\u00e9vention, SSIAP, Ma\u00eetres chiens, Rondiers de surveillance, gardiennage ou \u00c9v\u00e9nementiel... Notre expertise et nos conseils pour tous vos besoins et demandes de prestations sur simple devis gratuit.","og_url":"https:\/\/kspsecurite.fr\/index.php\/confidentialite\/","og_site_name":"KSP S\u00e9curit\u00e9 Lyon - Surveillance, gardiennage, pr\u00e9vention, \u00e9venementiel","article_modified_time":"2026-03-23T13:52:18+00:00","og_image":[{"url":"https:\/\/kspsecurite.fr\/wp-content\/uploads\/2020\/01\/Logo-KSP-securite-bigweb-300x112-1.png","type":"","width":"","height":""}],"twitter_card":"summary_large_image","twitter_misc":{"Dur\u00e9e de lecture estim\u00e9e":"2 minutes"},"schema":{"@context":"https:\/\/schema.org","@graph":[{"@type":"WebPage","@id":"https:\/\/kspsecurite.fr\/index.php\/confidentialite\/","url":"https:\/\/kspsecurite.fr\/index.php\/confidentialite\/","name":"KSP S\u00e9curit\u00e9 Lyon - Surveillance, gardiennage, pr\u00e9vention, \u00e9venementiel - Confidentialit\u00e9","isPartOf":{"@id":"https:\/\/kspsecurite.fr\/#website"},"primaryImageOfPage":{"@id":"https:\/\/kspsecurite.fr\/index.php\/confidentialite\/#primaryimage"},"image":{"@id":"https:\/\/kspsecurite.fr\/index.php\/confidentialite\/#primaryimage"},"thumbnailUrl":"https:\/\/kspsecurite.fr\/wp-content\/uploads\/2020\/01\/Logo-KSP-securite-bigweb-300x112-1.png","datePublished":"2019-10-07T05:58:34+00:00","dateModified":"2026-03-23T13:52:18+00:00","description":"KSP, SERVICES DE S\u00c9CURIT\u00c9 POUR UN MONDE COMPLEXE - Votre partenaire sur Lyon et sa r\u00e9gion : Agents de pr\u00e9vention, SSIAP, Ma\u00eetres chiens, Rondiers de surveillance, gardiennage ou \u00c9v\u00e9nementiel... Notre expertise et nos conseils pour tous vos besoins et demandes de prestations sur simple devis gratuit.","breadcrumb":{"@id":"https:\/\/kspsecurite.fr\/index.php\/confidentialite\/#breadcrumb"},"inLanguage":"fr-FR","potentialAction":[{"@type":"ReadAction","target":["https:\/\/kspsecurite.fr\/index.php\/confidentialite\/"]}]},{"@type":"ImageObject","inLanguage":"fr-FR","@id":"https:\/\/kspsecurite.fr\/index.php\/confidentialite\/#primaryimage","url":"https:\/\/i0.wp.com\/kspsecurite.fr\/wp-content\/uploads\/2020\/01\/Logo-KSP-securite-bigweb-300x112-1.png?fit=300%2C112&ssl=1","contentUrl":"https:\/\/i0.wp.com\/kspsecurite.fr\/wp-content\/uploads\/2020\/01\/Logo-KSP-securite-bigweb-300x112-1.png?fit=300%2C112&ssl=1","width":300,"height":112,"caption":"KSP, SERVICES DE S\u00c9CURIT\u00c9 POUR UN MONDE COMPLEXE Votre partenaire s\u00e9curit\u00e9 sur Lyon et sa r\u00e9gion : Agents de pr\u00e9vention, SSIAP, Ma\u00eetres chiens, Rondiers de surveillance ou \u00c9v\u00e9nementiel\u2026 Notre expertise et nos conseils pour tous vos besoins et demandes de prestations sur simple devis gratuit."},{"@type":"BreadcrumbList","@id":"https:\/\/kspsecurite.fr\/index.php\/confidentialite\/#breadcrumb","itemListElement":[{"@type":"ListItem","position":1,"name":"Accueil","item":"https:\/\/kspsecurite.fr\/"},{"@type":"ListItem","position":2,"name":"Confidentialit\u00e9"}]},{"@type":"WebSite","@id":"https:\/\/kspsecurite.fr\/#website","url":"https:\/\/kspsecurite.fr\/","name":"KSP S\u00e9curit\u00e9 Lyon - Surveillance, gardiennage, pr\u00e9vention, \u00e9venementiel","description":"Votre partenaire s\u00e9curit\u00e9 sur Lyon et sa r\u00e9gion : Agents de pr\u00e9vention, SSIAP, Ma\u00eetres chiens, Rondiers de surveillance ou \u00c9v\u00e9nementiel\u2026 Notre expertise et nos conseils pour tous vos besoins et demandes de prestations sur simple devis gratuit.","publisher":{"@id":"https:\/\/kspsecurite.fr\/#organization"},"potentialAction":[{"@type":"SearchAction","target":{"@type":"EntryPoint","urlTemplate":"https:\/\/kspsecurite.fr\/?s={search_term_string}"},"query-input":{"@type":"PropertyValueSpecification","valueRequired":true,"valueName":"search_term_string"}}],"inLanguage":"fr-FR"},{"@type":"Organization","@id":"https:\/\/kspsecurite.fr\/#organization","name":"KSP S\u00e9curit\u00e9 Lyon - Surveillance, gardiennage, pr\u00e9vention, \u00e9venementiel","url":"https:\/\/kspsecurite.fr\/","logo":{"@type":"ImageObject","inLanguage":"fr-FR","@id":"https:\/\/kspsecurite.fr\/#\/schema\/logo\/image\/","url":"https:\/\/i0.wp.com\/kspsecurite.fr\/wp-content\/uploads\/2020\/01\/OGimageKSP-ok-1024x512-1.png?fit=1024%2C512&ssl=1","contentUrl":"https:\/\/i0.wp.com\/kspsecurite.fr\/wp-content\/uploads\/2020\/01\/OGimageKSP-ok-1024x512-1.png?fit=1024%2C512&ssl=1","width":1024,"height":512,"caption":"KSP S\u00e9curit\u00e9 Lyon - Surveillance, gardiennage, pr\u00e9vention, \u00e9venementiel"},"image":{"@id":"https:\/\/kspsecurite.fr\/#\/schema\/logo\/image\/"}}]}},"jetpack_sharing_enabled":true,"_links":{"self":[{"href":"https:\/\/kspsecurite.fr\/index.php\/wp-json\/wp\/v2\/pages\/381","targetHints":{"allow":["GET"]}}],"collection":[{"href":"https:\/\/kspsecurite.fr\/index.php\/wp-json\/wp\/v2\/pages"}],"about":[{"href":"https:\/\/kspsecurite.fr\/index.php\/wp-json\/wp\/v2\/types\/page"}],"author":[{"embeddable":true,"href":"https:\/\/kspsecurite.fr\/index.php\/wp-json\/wp\/v2\/users\/1"}],"replies":[{"embeddable":true,"href":"https:\/\/kspsecurite.fr\/index.php\/wp-json\/wp\/v2\/comments?post=381"}],"version-history":[{"count":1,"href":"https:\/\/kspsecurite.fr\/index.php\/wp-json\/wp\/v2\/pages\/381\/revisions"}],"predecessor-version":[{"id":897,"href":"https:\/\/kspsecurite.fr\/index.php\/wp-json\/wp\/v2\/pages\/381\/revisions\/897"}],"wp:attachment":[{"href":"https:\/\/kspsecurite.fr\/index.php\/wp-json\/wp\/v2\/media?parent=381"}],"curies":[{"name":"wp","href":"https:\/\/api.w.org\/{rel}","templated":true}]}}