{"id":801,"date":"2020-01-07T08:30:28","date_gmt":"2020-01-07T07:30:28","guid":{"rendered":"https:\/\/kspsecurite.fr\/?page_id=801"},"modified":"2026-03-23T14:53:44","modified_gmt":"2026-03-23T13:53:44","slug":"mentions-legales","status":"publish","type":"page","link":"https:\/\/kspsecurite.fr\/index.php\/mentions-legales\/","title":{"rendered":"Mentions L\u00e9gales"},"content":{"rendered":"<p>[et_pb_section fb_built=\u00a0\u00bb1&Prime; _builder_version=\u00a0\u00bb4.16&Prime; background_image=\u00a0\u00bbhttps:\/\/kspsecurite.fr\/wp-content\/uploads\/2020\/01\/KSP-BG-up-3-scaled.jpg\u00a0\u00bb animation_style=\u00a0\u00bbfade\u00a0\u00bb global_colors_info=\u00a0\u00bb{}\u00a0\u00bb][et_pb_row column_structure=\u00a0\u00bb1_3,1_3,1_3&Prime; use_custom_gutter=\u00a0\u00bbon\u00a0\u00bb make_equal=\u00a0\u00bbon\u00a0\u00bb _builder_version=\u00a0\u00bb4.16&Prime; locked=\u00a0\u00bboff\u00a0\u00bb global_colors_info=\u00a0\u00bb{}\u00a0\u00bb][et_pb_column type=\u00a0\u00bb1_3&Prime; _builder_version=\u00a0\u00bb4.16&Prime; global_colors_info=\u00a0\u00bb{}\u00a0\u00bb][\/et_pb_column][et_pb_column type=\u00a0\u00bb1_3&Prime; module_class=\u00a0\u00bbcentrer-verticalement\u00a0\u00bb _builder_version=\u00a0\u00bb4.16&Prime; global_colors_info=\u00a0\u00bb{}\u00a0\u00bb][et_pb_text _builder_version=\u00a0\u00bb4.16&Prime; global_colors_info=\u00a0\u00bb{}\u00a0\u00bb]<\/p>\n<p style=\"text-align: center;\"><img data-recalc-dims=\"1\" loading=\"lazy\" decoding=\"async\" src=\"https:\/\/i0.wp.com\/kspsecurite.fr\/wp-content\/uploads\/2020\/01\/Logo-KSP-securite-bigweb-300x112-1.png?resize=300%2C112&#038;ssl=1\" width=\"300\" height=\"112\" alt=\"\" class=\"wp-image-773 aligncenter size-full\" \/>.<\/p>\n<p>[\/et_pb_text][\/et_pb_column][et_pb_column type=\u00a0\u00bb1_3&Prime; module_class=\u00a0\u00bbcentrer-verticalement\u00a0\u00bb _builder_version=\u00a0\u00bb4.16&Prime; global_colors_info=\u00a0\u00bb{}\u00a0\u00bb][\/et_pb_column][\/et_pb_row][\/et_pb_section][et_pb_section fb_built=\u00a0\u00bb1&Prime; admin_label=\u00a0\u00bbservices\u00a0\u00bb _builder_version=\u00a0\u00bb4.16&Prime; background_image=\u00a0\u00bbhttps:\/\/kspsecurite.fr\/wp-content\/uploads\/2020\/01\/BG-KSP-securite-2.jpg\u00a0\u00bb animation_style=\u00a0\u00bbfade\u00a0\u00bb animation_duration=\u00a0\u00bb1950ms\u00a0\u00bb animation_delay=\u00a0\u00bb300ms\u00a0\u00bb collapsed=\u00a0\u00bbon\u00a0\u00bb global_colors_info=\u00a0\u00bb{}\u00a0\u00bb][et_pb_row use_custom_gutter=\u00a0\u00bbon\u00a0\u00bb make_equal=\u00a0\u00bbon\u00a0\u00bb _builder_version=\u00a0\u00bb4.16&Prime; width=\u00a0\u00bb100%\u00a0\u00bb max_width=\u00a0\u00bb1763px\u00a0\u00bb custom_margin=\u00a0\u00bb0px||0px||false|false\u00a0\u00bb custom_padding=\u00a0\u00bb0px||0px||false|false\u00a0\u00bb global_colors_info=\u00a0\u00bb{}\u00a0\u00bb][et_pb_column type=\u00a0\u00bb4_4&Prime; _builder_version=\u00a0\u00bb4.16&Prime; global_colors_info=\u00a0\u00bb{}\u00a0\u00bb][et_pb_text _builder_version=\u00a0\u00bb4.16&Prime; text_font=\u00a0\u00bbPT Sans Narrow||||||||\u00a0\u00bb text_font_size=\u00a0\u00bb18px\u00a0\u00bb text_orientation=\u00a0\u00bbcenter\u00a0\u00bb custom_padding=\u00a0\u00bb|20px||20px|false|false\u00a0\u00bb global_colors_info=\u00a0\u00bb{}\u00a0\u00bb]<\/p>\n<p><strong>1- Mentions l\u00e9gales :<\/strong><\/p>\n<p>Site Internet \u00e9dit\u00e9 par : Baptiste EMILE \u00ab L\u2019Usine \u00e0 Trucs \u00bb<\/p>\n<p>Adresse : 106, ruelle du Plastre 69620 Val d\u2019Oingt France<\/p>\n<p>Email : bapt@lusineatrucs.fr<\/p>\n<p>T\u00e9l\u00e9phone : 06 89 65 14 89<\/p>\n<p>Siren : 847 679 495 &#8211; APE : 7410Z<\/p>\n<p>H\u00e9bergement par la soci\u00e9t\u00e9 OVH<\/p>\n<p><strong>2- Protection de la vie priv\u00e9e :<\/strong><\/p>\n<p>Nous nous r\u00e9servons le droit de modifier \u00e0 tout moment la pr\u00e9sente page. Nous vous invitons par cons\u00e9quent \u00e0 la consulter r\u00e9guli\u00e8rement afin de vous informer de ses \u00e9volutions.Derni\u00e8re date de Mise \u00e0 jour : 03\/01\/2020<\/p>\n<p><strong>3- Limitations contractuelles sur les donn\u00e9es techniques.<\/strong><\/p>\n<p>Le site utilise la technologie JavaScript.Le site Internet ne pourra \u00eatre tenu responsable de dommages mat\u00e9riels li\u00e9s \u00e0 l\u2019utilisation du site. De plus, l\u2019utilisateur du site s\u2019engage \u00e0 acc\u00e9der au site en utilisant un mat\u00e9riel r\u00e9cent, ne contenant pas de virus et avec un navigateur de derni\u00e8re g\u00e9n\u00e9ration mis-\u00e0-jour Gestion des donn\u00e9es personnelles.En France, les donn\u00e9es personnelles sont notamment prot\u00e9g\u00e9es par la loi n\u00b0 78-87 du 6 janvier 1978, la loi n\u00b0 2004-801 du 6 ao\u00fbt 2004, l\u2019article L. 226-13 du Code p\u00e9nal et la Directive Europ\u00e9enne du 24 octobre 1995.A l\u2019occasion de l\u2019utilisation du site <strong>https:\/\/kspsecurite.fr\/<\/strong>, peuvent \u00eatres recueillies : l\u2019URL des liens par l\u2019interm\u00e9diaire desquels l\u2019utilisateur a acc\u00e9d\u00e9 au site <strong>https:\/\/kspsecurite.fr\/<\/strong>, le fournisseur d\u2019acc\u00e8s de l\u2019utilisateur, l\u2019adresse de protocole Internet (IP) de l\u2019utilisateur.En tout \u00e9tat de cause nous ne collectons des informations personnelles relatives \u00e0 l\u2019utilisateur que pour le besoin de certains services propos\u00e9s par le site <strong>https:\/\/kspsecurite.fr\/<\/strong>.<\/p>\n<p>L\u2019utilisateur fournit ces informations en toute connaissance de cause, notamment lorsqu\u2019il proc\u00e8de par lui-m\u00eame \u00e0 leur saisie. Il est alors pr\u00e9cis\u00e9 \u00e0 l\u2019utilisateur du site l\u2019obligation ou non de fournir ces informations.Conform\u00e9ment aux dispositions des articles 38 et suivants de la loi 78-17 du 6 janvier 1978 relative \u00e0 l\u2019informatique, aux fichiers et aux libert\u00e9s, tout utilisateur dispose d\u2019un droit d\u2019acc\u00e8s, de rectification et d\u2019opposition aux donn\u00e9es personnelles le concernant, en effectuant sa demande \u00e9crite et sign\u00e9e, accompagn\u00e9e d\u2019une copie du titre d\u2019identit\u00e9 avec signature du titulaire de la pi\u00e8ce, en pr\u00e9cisant l\u2019adresse \u00e0 laquelle la r\u00e9ponse doit \u00eatre envoy\u00e9e.Aucune information personnelle de l\u2019utilisateur de ce site n\u2019est publi\u00e9e \u00e0 l\u2019insu de l\u2019utilisateur, \u00e9chang\u00e9e, transf\u00e9r\u00e9e, c\u00e9d\u00e9e ou vendue sur un support quelconque \u00e0 des tiers. Seule l\u2019hypoth\u00e8se du rachat du cr\u00e9ateur et de ses droits permettrait la transmission des dites informations \u00e0 l\u2019\u00e9ventuel acqu\u00e9reur qui serait \u00e0 son tour tenu de la m\u00eame obligation de conservation et de modification des donn\u00e9es vis \u00e0 vis de l\u2019utilisateur du site .Le site n\u2019est pas d\u00e9clar\u00e9 \u00e0 la CNIL car il ne recueille pas d\u2019informations personnelles. .Les bases de donn\u00e9es sont prot\u00e9g\u00e9es par les dispositions de la loi du 1er juillet 1998 transposant la directive 96\/9 du 11 mars 1996 relative \u00e0 la protection juridique des bases de donn\u00e9es.<\/p>\n<p><strong>4- Liens hypertextes et cookies.<\/strong><\/p>\n<p>Le site\u00a0<strong>https:\/\/kspsecurite.fr\/<\/strong>\u00a0contient un certain nombre de liens hypertextes vers d\u2019autres sites, mis en place avec autorisation. Cependant, nous n\u2019avons pas la possibilit\u00e9 de v\u00e9rifier le contenu des sites ainsi visit\u00e9s, et n\u2019assumera en cons\u00e9quence aucune responsabilit\u00e9 de ce fait.<\/p>\n<p>La navigation sur le site\u00a0 <strong>https:\/\/kspsecurite.fr\/<\/strong>\u00a0est susceptible de provoquer l\u2019installation de cookie(s) sur l\u2019ordinateur de l\u2019utilisateur. Un cookie est un fichier de petite taille, qui ne permet pas l\u2019identification de l\u2019utilisateur, mais qui enregistre des informations relatives \u00e0 la navigation d\u2019un ordinateur sur un site. Les donn\u00e9es ainsi obtenues visent \u00e0 faciliter la navigation ult\u00e9rieure sur le site, et ont \u00e9galement vocation \u00e0 permettre diverses mesures de fr\u00e9quentation.Le refus d\u2019installation d\u2019un cookie peut entra\u00eener l\u2019impossibilit\u00e9 d\u2019acc\u00e9der \u00e0 certains services. L\u2019utilisateur peut toutefois configurer son ordinateur de la mani\u00e8re suivante, pour refuser l\u2019installation des cookies :<\/p>\n<p>Sous Internet Explorer : onglet outil (pictogramme en forme de rouage en haut a droite) \/ options internet. Cliquez sur Confidentialit\u00e9 et choisissez Bloquer tous les cookies. Validez sur Ok.Sous Firefox : en haut de la fen\u00eatre du navigateur, cliquez sur le bouton Firefox, puis aller dans l\u2019onglet Options. Cliquer sur l\u2019onglet Vie priv\u00e9e.Param\u00e9trez les R\u00e8gles de conservation sur : utiliser les param\u00e8tres personnalis\u00e9s pour l\u2019historique. Enfin d\u00e9cochez-la pour d\u00e9sactiver les cookies.Sous Safari : Cliquez en haut \u00e0 droite du navigateur sur le pictogramme de menu (symbolis\u00e9 par un rouage). S\u00e9lectionnez Param\u00e8tres. Cliquez sur Afficher les param\u00e8tres avanc\u00e9s. Dans la section \u00ab Confidentialit\u00e9 \u00bb, cliquez sur Param\u00e8tres de contenu. Dans la section \u00ab Cookies \u00bb, vous pouvez bloquer les cookies.Sous Chrome : Cliquez en haut \u00e0 droite du navigateur sur le pictogramme de menu (symbolis\u00e9 par trois lignes horizontales). S\u00e9lectionnez Param\u00e8tres. Cliquez sur Afficher les param\u00e8tres avanc\u00e9s. Dans la section \u00ab Confidentialit\u00e9 \u00bb, cliquez sur pr\u00e9f\u00e9rences. Dans l\u2019onglet \u00ab Confidentialit\u00e9 \u00bb, vous pouvez bloquer les cookies.<\/p>\n<p><strong>5- Droit applicable et attribution de juridiction.<\/strong><\/p>\n<p>Tout litige en relation avec l\u2019utilisation du site\u00a0<strong>https:\/\/kspsecurite.fr\/<\/strong>\u00a0est soumis au droit fran\u00e7ais. Il est fait attribution exclusive de juridiction aux tribunaux comp\u00e9tents de Paris.<\/p>\n<p><strong>6- Les principales lois concern\u00e9es.<\/strong><\/p>\n<p>Loi n\u00b0 78-17 du 6 janvier 1978, notamment modifi\u00e9e par la loi n\u00b0 2004-801 du 6 ao\u00fbt 2004 relative \u00e0 l\u2019informatique, aux fichiers et aux libert\u00e9s.Loi n\u00b0 2004-575 du 21 juin 2004 pour la confiance dans l\u2019\u00e9conomie num\u00e9rique.<\/p>\n<p><strong>7- Lexique.<\/strong><\/p>\n<p>Utilisateur : Internaute se connectant, utilisant le site susnomm\u00e9.Informations personnelles : \u00ab les informations qui permettent, sous quelque forme que ce soit, directement ou non, l\u2019identification des personnes physiques auxquelles elles s\u2019appliquent \u00bb (article 4 de la loi n\u00b0 78-17 du 6 janvier 1978).<\/p>\n<p>[\/et_pb_text][\/et_pb_column][\/et_pb_row][\/et_pb_section]<\/p>\n","protected":false},"excerpt":{"rendered":"<p>.1- Mentions l\u00e9gales : Site Internet \u00e9dit\u00e9 par : Baptiste EMILE \u00ab L\u2019Usine \u00e0 Trucs \u00bb Adresse : 106, ruelle du Plastre 69620 Val d\u2019Oingt France Email : bapt@lusineatrucs.fr T\u00e9l\u00e9phone : 06 89 65 14 89 Siren : 847 679 495 &#8211; APE : 7410Z H\u00e9bergement par la soci\u00e9t\u00e9 OVH 2- Protection de la vie [&hellip;]<\/p>\n","protected":false},"author":1,"featured_media":0,"parent":0,"menu_order":0,"comment_status":"closed","ping_status":"closed","template":"","meta":{"_et_pb_use_builder":"on","_et_pb_old_content":"","_et_gb_content_width":"","footnotes":""},"class_list":["post-801","page","type-page","status-publish","hentry"],"yoast_head":"<!-- This site is optimized with the Yoast SEO plugin v27.4 - https:\/\/yoast.com\/product\/yoast-seo-wordpress\/ -->\n<title>KSP S\u00e9curit\u00e9 Lyon - Surveillance, gardiennage, pr\u00e9vention, \u00e9venementiel - Mentions L\u00e9gales<\/title>\n<meta name=\"description\" content=\"KSP, SERVICES DE S\u00c9CURIT\u00c9 POUR UN MONDE COMPLEXE - Votre partenaire sur Lyon et sa r\u00e9gion : Agents de pr\u00e9vention, SSIAP, Ma\u00eetres chiens, Rondiers de surveillance, gardiennage ou \u00c9v\u00e9nementiel... Notre expertise et nos conseils pour tous vos besoins et demandes de prestations sur simple devis gratuit.\" \/>\n<meta name=\"robots\" content=\"index, follow, max-snippet:-1, max-image-preview:large, max-video-preview:-1\" \/>\n<link rel=\"canonical\" href=\"https:\/\/kspsecurite.fr\/index.php\/mentions-legales\/\" \/>\n<meta property=\"og:locale\" content=\"fr_FR\" \/>\n<meta property=\"og:type\" content=\"article\" \/>\n<meta property=\"og:title\" content=\"KSP S\u00e9curit\u00e9 Lyon - Surveillance, gardiennage, pr\u00e9vention, \u00e9venementiel - Mentions L\u00e9gales\" \/>\n<meta property=\"og:description\" content=\"KSP, SERVICES DE S\u00c9CURIT\u00c9 POUR UN MONDE COMPLEXE - Votre partenaire sur Lyon et sa r\u00e9gion : Agents de pr\u00e9vention, SSIAP, Ma\u00eetres chiens, Rondiers de surveillance, gardiennage ou \u00c9v\u00e9nementiel... Notre expertise et nos conseils pour tous vos besoins et demandes de prestations sur simple devis gratuit.\" \/>\n<meta property=\"og:url\" content=\"https:\/\/kspsecurite.fr\/index.php\/mentions-legales\/\" \/>\n<meta property=\"og:site_name\" content=\"KSP S\u00e9curit\u00e9 Lyon - Surveillance, gardiennage, pr\u00e9vention, \u00e9venementiel\" \/>\n<meta property=\"article:modified_time\" content=\"2026-03-23T13:53:44+00:00\" \/>\n<meta property=\"og:image\" content=\"https:\/\/kspsecurite.fr\/wp-content\/uploads\/2020\/01\/Logo-KSP-securite-bigweb-300x112-1.png\" \/>\n<meta name=\"twitter:card\" content=\"summary_large_image\" \/>\n<meta name=\"twitter:label1\" content=\"Dur\u00e9e de lecture estim\u00e9e\" \/>\n\t<meta name=\"twitter:data1\" content=\"6 minutes\" \/>\n<script type=\"application\/ld+json\" class=\"yoast-schema-graph\">{\"@context\":\"https:\\\/\\\/schema.org\",\"@graph\":[{\"@type\":\"WebPage\",\"@id\":\"https:\\\/\\\/kspsecurite.fr\\\/index.php\\\/mentions-legales\\\/\",\"url\":\"https:\\\/\\\/kspsecurite.fr\\\/index.php\\\/mentions-legales\\\/\",\"name\":\"KSP S\u00e9curit\u00e9 Lyon - Surveillance, gardiennage, pr\u00e9vention, \u00e9venementiel - Mentions L\u00e9gales\",\"isPartOf\":{\"@id\":\"https:\\\/\\\/kspsecurite.fr\\\/#website\"},\"primaryImageOfPage\":{\"@id\":\"https:\\\/\\\/kspsecurite.fr\\\/index.php\\\/mentions-legales\\\/#primaryimage\"},\"image\":{\"@id\":\"https:\\\/\\\/kspsecurite.fr\\\/index.php\\\/mentions-legales\\\/#primaryimage\"},\"thumbnailUrl\":\"https:\\\/\\\/kspsecurite.fr\\\/wp-content\\\/uploads\\\/2020\\\/01\\\/Logo-KSP-securite-bigweb-300x112-1.png\",\"datePublished\":\"2020-01-07T07:30:28+00:00\",\"dateModified\":\"2026-03-23T13:53:44+00:00\",\"description\":\"KSP, SERVICES DE S\u00c9CURIT\u00c9 POUR UN MONDE COMPLEXE - Votre partenaire sur Lyon et sa r\u00e9gion : Agents de pr\u00e9vention, SSIAP, Ma\u00eetres chiens, Rondiers de surveillance, gardiennage ou \u00c9v\u00e9nementiel... Notre expertise et nos conseils pour tous vos besoins et demandes de prestations sur simple devis gratuit.\",\"breadcrumb\":{\"@id\":\"https:\\\/\\\/kspsecurite.fr\\\/index.php\\\/mentions-legales\\\/#breadcrumb\"},\"inLanguage\":\"fr-FR\",\"potentialAction\":[{\"@type\":\"ReadAction\",\"target\":[\"https:\\\/\\\/kspsecurite.fr\\\/index.php\\\/mentions-legales\\\/\"]}]},{\"@type\":\"ImageObject\",\"inLanguage\":\"fr-FR\",\"@id\":\"https:\\\/\\\/kspsecurite.fr\\\/index.php\\\/mentions-legales\\\/#primaryimage\",\"url\":\"https:\\\/\\\/i0.wp.com\\\/kspsecurite.fr\\\/wp-content\\\/uploads\\\/2020\\\/01\\\/Logo-KSP-securite-bigweb-300x112-1.png?fit=300%2C112&ssl=1\",\"contentUrl\":\"https:\\\/\\\/i0.wp.com\\\/kspsecurite.fr\\\/wp-content\\\/uploads\\\/2020\\\/01\\\/Logo-KSP-securite-bigweb-300x112-1.png?fit=300%2C112&ssl=1\",\"width\":300,\"height\":112,\"caption\":\"KSP, SERVICES DE S\u00c9CURIT\u00c9 POUR UN MONDE COMPLEXE Votre partenaire s\u00e9curit\u00e9 sur Lyon et sa r\u00e9gion : Agents de pr\u00e9vention, SSIAP, Ma\u00eetres chiens, Rondiers de surveillance ou \u00c9v\u00e9nementiel\u2026 Notre expertise et nos conseils pour tous vos besoins et demandes de prestations sur simple devis gratuit.\"},{\"@type\":\"BreadcrumbList\",\"@id\":\"https:\\\/\\\/kspsecurite.fr\\\/index.php\\\/mentions-legales\\\/#breadcrumb\",\"itemListElement\":[{\"@type\":\"ListItem\",\"position\":1,\"name\":\"Accueil\",\"item\":\"https:\\\/\\\/kspsecurite.fr\\\/\"},{\"@type\":\"ListItem\",\"position\":2,\"name\":\"Mentions L\u00e9gales\"}]},{\"@type\":\"WebSite\",\"@id\":\"https:\\\/\\\/kspsecurite.fr\\\/#website\",\"url\":\"https:\\\/\\\/kspsecurite.fr\\\/\",\"name\":\"KSP S\u00e9curit\u00e9 Lyon - Surveillance, gardiennage, pr\u00e9vention, \u00e9venementiel\",\"description\":\"Votre partenaire s\u00e9curit\u00e9 sur Lyon et sa r\u00e9gion : Agents de pr\u00e9vention, SSIAP, Ma\u00eetres chiens, Rondiers de surveillance ou \u00c9v\u00e9nementiel\u2026 Notre expertise et nos conseils pour tous vos besoins et demandes de prestations sur simple devis gratuit.\",\"publisher\":{\"@id\":\"https:\\\/\\\/kspsecurite.fr\\\/#organization\"},\"potentialAction\":[{\"@type\":\"SearchAction\",\"target\":{\"@type\":\"EntryPoint\",\"urlTemplate\":\"https:\\\/\\\/kspsecurite.fr\\\/?s={search_term_string}\"},\"query-input\":{\"@type\":\"PropertyValueSpecification\",\"valueRequired\":true,\"valueName\":\"search_term_string\"}}],\"inLanguage\":\"fr-FR\"},{\"@type\":\"Organization\",\"@id\":\"https:\\\/\\\/kspsecurite.fr\\\/#organization\",\"name\":\"KSP S\u00e9curit\u00e9 Lyon - Surveillance, gardiennage, pr\u00e9vention, \u00e9venementiel\",\"url\":\"https:\\\/\\\/kspsecurite.fr\\\/\",\"logo\":{\"@type\":\"ImageObject\",\"inLanguage\":\"fr-FR\",\"@id\":\"https:\\\/\\\/kspsecurite.fr\\\/#\\\/schema\\\/logo\\\/image\\\/\",\"url\":\"https:\\\/\\\/i0.wp.com\\\/kspsecurite.fr\\\/wp-content\\\/uploads\\\/2020\\\/01\\\/OGimageKSP-ok-1024x512-1.png?fit=1024%2C512&ssl=1\",\"contentUrl\":\"https:\\\/\\\/i0.wp.com\\\/kspsecurite.fr\\\/wp-content\\\/uploads\\\/2020\\\/01\\\/OGimageKSP-ok-1024x512-1.png?fit=1024%2C512&ssl=1\",\"width\":1024,\"height\":512,\"caption\":\"KSP S\u00e9curit\u00e9 Lyon - Surveillance, gardiennage, pr\u00e9vention, \u00e9venementiel\"},\"image\":{\"@id\":\"https:\\\/\\\/kspsecurite.fr\\\/#\\\/schema\\\/logo\\\/image\\\/\"}}]}<\/script>\n<!-- \/ Yoast SEO plugin. -->","yoast_head_json":{"title":"KSP S\u00e9curit\u00e9 Lyon - Surveillance, gardiennage, pr\u00e9vention, \u00e9venementiel - Mentions L\u00e9gales","description":"KSP, SERVICES DE S\u00c9CURIT\u00c9 POUR UN MONDE COMPLEXE - Votre partenaire sur Lyon et sa r\u00e9gion : Agents de pr\u00e9vention, SSIAP, Ma\u00eetres chiens, Rondiers de surveillance, gardiennage ou \u00c9v\u00e9nementiel... Notre expertise et nos conseils pour tous vos besoins et demandes de prestations sur simple devis gratuit.","robots":{"index":"index","follow":"follow","max-snippet":"max-snippet:-1","max-image-preview":"max-image-preview:large","max-video-preview":"max-video-preview:-1"},"canonical":"https:\/\/kspsecurite.fr\/index.php\/mentions-legales\/","og_locale":"fr_FR","og_type":"article","og_title":"KSP S\u00e9curit\u00e9 Lyon - Surveillance, gardiennage, pr\u00e9vention, \u00e9venementiel - Mentions L\u00e9gales","og_description":"KSP, SERVICES DE S\u00c9CURIT\u00c9 POUR UN MONDE COMPLEXE - Votre partenaire sur Lyon et sa r\u00e9gion : Agents de pr\u00e9vention, SSIAP, Ma\u00eetres chiens, Rondiers de surveillance, gardiennage ou \u00c9v\u00e9nementiel... Notre expertise et nos conseils pour tous vos besoins et demandes de prestations sur simple devis gratuit.","og_url":"https:\/\/kspsecurite.fr\/index.php\/mentions-legales\/","og_site_name":"KSP S\u00e9curit\u00e9 Lyon - Surveillance, gardiennage, pr\u00e9vention, \u00e9venementiel","article_modified_time":"2026-03-23T13:53:44+00:00","og_image":[{"url":"https:\/\/kspsecurite.fr\/wp-content\/uploads\/2020\/01\/Logo-KSP-securite-bigweb-300x112-1.png","type":"","width":"","height":""}],"twitter_card":"summary_large_image","twitter_misc":{"Dur\u00e9e de lecture estim\u00e9e":"6 minutes"},"schema":{"@context":"https:\/\/schema.org","@graph":[{"@type":"WebPage","@id":"https:\/\/kspsecurite.fr\/index.php\/mentions-legales\/","url":"https:\/\/kspsecurite.fr\/index.php\/mentions-legales\/","name":"KSP S\u00e9curit\u00e9 Lyon - Surveillance, gardiennage, pr\u00e9vention, \u00e9venementiel - Mentions L\u00e9gales","isPartOf":{"@id":"https:\/\/kspsecurite.fr\/#website"},"primaryImageOfPage":{"@id":"https:\/\/kspsecurite.fr\/index.php\/mentions-legales\/#primaryimage"},"image":{"@id":"https:\/\/kspsecurite.fr\/index.php\/mentions-legales\/#primaryimage"},"thumbnailUrl":"https:\/\/kspsecurite.fr\/wp-content\/uploads\/2020\/01\/Logo-KSP-securite-bigweb-300x112-1.png","datePublished":"2020-01-07T07:30:28+00:00","dateModified":"2026-03-23T13:53:44+00:00","description":"KSP, SERVICES DE S\u00c9CURIT\u00c9 POUR UN MONDE COMPLEXE - Votre partenaire sur Lyon et sa r\u00e9gion : Agents de pr\u00e9vention, SSIAP, Ma\u00eetres chiens, Rondiers de surveillance, gardiennage ou \u00c9v\u00e9nementiel... Notre expertise et nos conseils pour tous vos besoins et demandes de prestations sur simple devis gratuit.","breadcrumb":{"@id":"https:\/\/kspsecurite.fr\/index.php\/mentions-legales\/#breadcrumb"},"inLanguage":"fr-FR","potentialAction":[{"@type":"ReadAction","target":["https:\/\/kspsecurite.fr\/index.php\/mentions-legales\/"]}]},{"@type":"ImageObject","inLanguage":"fr-FR","@id":"https:\/\/kspsecurite.fr\/index.php\/mentions-legales\/#primaryimage","url":"https:\/\/i0.wp.com\/kspsecurite.fr\/wp-content\/uploads\/2020\/01\/Logo-KSP-securite-bigweb-300x112-1.png?fit=300%2C112&ssl=1","contentUrl":"https:\/\/i0.wp.com\/kspsecurite.fr\/wp-content\/uploads\/2020\/01\/Logo-KSP-securite-bigweb-300x112-1.png?fit=300%2C112&ssl=1","width":300,"height":112,"caption":"KSP, SERVICES DE S\u00c9CURIT\u00c9 POUR UN MONDE COMPLEXE Votre partenaire s\u00e9curit\u00e9 sur Lyon et sa r\u00e9gion : Agents de pr\u00e9vention, SSIAP, Ma\u00eetres chiens, Rondiers de surveillance ou \u00c9v\u00e9nementiel\u2026 Notre expertise et nos conseils pour tous vos besoins et demandes de prestations sur simple devis gratuit."},{"@type":"BreadcrumbList","@id":"https:\/\/kspsecurite.fr\/index.php\/mentions-legales\/#breadcrumb","itemListElement":[{"@type":"ListItem","position":1,"name":"Accueil","item":"https:\/\/kspsecurite.fr\/"},{"@type":"ListItem","position":2,"name":"Mentions L\u00e9gales"}]},{"@type":"WebSite","@id":"https:\/\/kspsecurite.fr\/#website","url":"https:\/\/kspsecurite.fr\/","name":"KSP S\u00e9curit\u00e9 Lyon - Surveillance, gardiennage, pr\u00e9vention, \u00e9venementiel","description":"Votre partenaire s\u00e9curit\u00e9 sur Lyon et sa r\u00e9gion : Agents de pr\u00e9vention, SSIAP, Ma\u00eetres chiens, Rondiers de surveillance ou \u00c9v\u00e9nementiel\u2026 Notre expertise et nos conseils pour tous vos besoins et demandes de prestations sur simple devis gratuit.","publisher":{"@id":"https:\/\/kspsecurite.fr\/#organization"},"potentialAction":[{"@type":"SearchAction","target":{"@type":"EntryPoint","urlTemplate":"https:\/\/kspsecurite.fr\/?s={search_term_string}"},"query-input":{"@type":"PropertyValueSpecification","valueRequired":true,"valueName":"search_term_string"}}],"inLanguage":"fr-FR"},{"@type":"Organization","@id":"https:\/\/kspsecurite.fr\/#organization","name":"KSP S\u00e9curit\u00e9 Lyon - Surveillance, gardiennage, pr\u00e9vention, \u00e9venementiel","url":"https:\/\/kspsecurite.fr\/","logo":{"@type":"ImageObject","inLanguage":"fr-FR","@id":"https:\/\/kspsecurite.fr\/#\/schema\/logo\/image\/","url":"https:\/\/i0.wp.com\/kspsecurite.fr\/wp-content\/uploads\/2020\/01\/OGimageKSP-ok-1024x512-1.png?fit=1024%2C512&ssl=1","contentUrl":"https:\/\/i0.wp.com\/kspsecurite.fr\/wp-content\/uploads\/2020\/01\/OGimageKSP-ok-1024x512-1.png?fit=1024%2C512&ssl=1","width":1024,"height":512,"caption":"KSP S\u00e9curit\u00e9 Lyon - Surveillance, gardiennage, pr\u00e9vention, \u00e9venementiel"},"image":{"@id":"https:\/\/kspsecurite.fr\/#\/schema\/logo\/image\/"}}]}},"jetpack_sharing_enabled":true,"_links":{"self":[{"href":"https:\/\/kspsecurite.fr\/index.php\/wp-json\/wp\/v2\/pages\/801","targetHints":{"allow":["GET"]}}],"collection":[{"href":"https:\/\/kspsecurite.fr\/index.php\/wp-json\/wp\/v2\/pages"}],"about":[{"href":"https:\/\/kspsecurite.fr\/index.php\/wp-json\/wp\/v2\/types\/page"}],"author":[{"embeddable":true,"href":"https:\/\/kspsecurite.fr\/index.php\/wp-json\/wp\/v2\/users\/1"}],"replies":[{"embeddable":true,"href":"https:\/\/kspsecurite.fr\/index.php\/wp-json\/wp\/v2\/comments?post=801"}],"version-history":[{"count":2,"href":"https:\/\/kspsecurite.fr\/index.php\/wp-json\/wp\/v2\/pages\/801\/revisions"}],"predecessor-version":[{"id":902,"href":"https:\/\/kspsecurite.fr\/index.php\/wp-json\/wp\/v2\/pages\/801\/revisions\/902"}],"wp:attachment":[{"href":"https:\/\/kspsecurite.fr\/index.php\/wp-json\/wp\/v2\/media?parent=801"}],"curies":[{"name":"wp","href":"https:\/\/api.w.org\/{rel}","templated":true}]}}